{"id":2598,"date":"2020-08-29T07:37:30","date_gmt":"2020-08-29T07:37:30","guid":{"rendered":"https:\/\/www.gruenweisserfurt.de\/?page_id=2598"},"modified":"2022-07-22T09:25:03","modified_gmt":"2022-07-22T09:25:03","slug":"werde-johannesplatzkicker","status":"publish","type":"page","link":"https:\/\/www.gruenweisserfurt.de\/?page_id=2598","title":{"rendered":"Werde Johannesplatzkicker"},"content":{"rendered":"<p>[vc_row][vc_column width=&#8220;1\/3&#8243;][vc_hoverbox image=&#8220;2312&#8243; primary_title=&#8220;&#8220; hover_title=&#8220;M\u00e4nnerbereich&#8220;]Insbesondere im M\u00e4nnerbereich suchen wir ambitionierte Spieler, die mit uns den Klassenerhalt und perspektivisch den Aufstieg ins Land angehen wollen.[\/vc_hoverbox][\/vc_column][vc_column width=&#8220;1\/3&#8243;][vc_hoverbox image=&#8220;2313&#8243; primary_title=&#8220;&#8220; hover_title=&#8220;Nachwuchs ist wichtig&#8220;]Unser Nachwuchs ist uns wichtig, so auch du! Komm zu uns und erlebe was es bedeutet &#8222;Fussball gemeinsam zu erleben&#8220;. Wir nehmen dich auf in unsere Gr\u00fcn-Weisse Familie![\/vc_hoverbox][\/vc_column][vc_column width=&#8220;1\/3&#8243;][vc_hoverbox image=&#8220;2316&#8243; primary_title=&#8220;&#8220; hover_title=&#8220;Schiedsrichter&#8220;]Schiedsrichter sind uns wichtig! Auch du kannst ein Gr\u00fcn-Weisser Schiedsrichter werden oder sein. Wir warten auf mit verschiedenen Pr\u00e4mienmodellen und bieten auch sonst eine Ganze Menge. Wir haben verstanden, dass es ohne euch nicht geht[\/vc_hoverbox][\/vc_column][\/vc_row]<\/p>\n<p>&nbsp;<\/p>\n<p><strong>Du hast Bock ein Johannesplatzkicker zu werden und die kannst es kaum erwarten? Wir brauchen dich! Also f\u00fcll doch gleich unseren Mitgliedsantrag aus, gib Ihn uns und du bist kurz davor der Gr\u00fcn-Wei\u00dfen Familie beizutreten.<\/strong><\/p>\n<p><strong>Wir freuen uns auf dich!<\/strong><\/p>\n<p>&nbsp;<\/p>\n<a href=\"https:\/\/www.gruenweisserfurt.de\/wp-content\/uploads\/2022\/07\/2022-Mitgliedsantrag.pdf\" class=\"pdfemb-viewer\" style=\"\" data-width=\"max\" data-height=\"max\" data-toolbar=\"bottom\" data-toolbar-fixed=\"off\">2022 Mitgliedsantrag<\/a>\n","protected":false},"excerpt":{"rendered":"<p>[vc_row][vc_column width=&#8220;1\/3&#8243;][vc_hoverbox image=&#8220;2312&#8243; primary_title=&#8220;&#8220; hover_title=&#8220;M\u00e4nnerbereich&#8220;]Insbesondere im M\u00e4nnerbereich suchen wir ambitionierte Spieler, die mit uns den Klassenerhalt und perspektivisch den Aufstieg ins Land angehen wollen.[\/vc_hoverbox][\/vc_column][vc_column width=&#8220;1\/3&#8243;][vc_hoverbox image=&#8220;2313&#8243; primary_title=&#8220;&#8220; hover_title=&#8220;Nachwuchs ist wichtig&#8220;]Unser Nachwuchs ist uns wichtig, so auch du! Komm zu uns und erlebe was es bedeutet &#8222;Fussball gemeinsam zu erleben&#8220;. Wir nehmen dich auf in unsere&#8230;<\/p>\n","protected":false},"author":1,"featured_media":0,"parent":0,"menu_order":0,"comment_status":"closed","ping_status":"closed","template":"","meta":{"footnotes":""},"_links":{"self":[{"href":"https:\/\/www.gruenweisserfurt.de\/index.php?rest_route=\/wp\/v2\/pages\/2598"}],"collection":[{"href":"https:\/\/www.gruenweisserfurt.de\/index.php?rest_route=\/wp\/v2\/pages"}],"about":[{"href":"https:\/\/www.gruenweisserfurt.de\/index.php?rest_route=\/wp\/v2\/types\/page"}],"author":[{"embeddable":true,"href":"https:\/\/www.gruenweisserfurt.de\/index.php?rest_route=\/wp\/v2\/users\/1"}],"replies":[{"embeddable":true,"href":"https:\/\/www.gruenweisserfurt.de\/index.php?rest_route=%2Fwp%2Fv2%2Fcomments&post=2598"}],"version-history":[{"count":7,"href":"https:\/\/www.gruenweisserfurt.de\/index.php?rest_route=\/wp\/v2\/pages\/2598\/revisions"}],"predecessor-version":[{"id":3281,"href":"https:\/\/www.gruenweisserfurt.de\/index.php?rest_route=\/wp\/v2\/pages\/2598\/revisions\/3281"}],"wp:attachment":[{"href":"https:\/\/www.gruenweisserfurt.de\/index.php?rest_route=%2Fwp%2Fv2%2Fmedia&parent=2598"}],"curies":[{"name":"wp","href":"https:\/\/api.w.org\/{rel}","templated":true}]}}